{"id":2,"date":"2023-06-02T17:28:01","date_gmt":"2023-06-02T20:28:01","guid":{"rendered":"http:\/\/falacohab.com.br\/?page_id=2"},"modified":"2023-06-07T13:30:11","modified_gmt":"2023-06-07T16:30:11","slug":"pagina-exemplo","status":"publish","type":"page","link":"https:\/\/falacohab.com.br\/?page_id=2","title":{"rendered":"Sobre n\u00f3s"},"content":{"rendered":"\n<p>Fala Cohab &#8211; O jornal da comunidade<\/p>\n\n\n\n<p>Informar, Conectar, Colaborar<\/p>\n\n\n\n<p>\u00c9 um jornal comunit\u00e1rio independente, criado em novembro de 2022, no bairro Rubem Berta, na cidade de Porto Alegre, por volunt\u00e1rios, que se reunem duas vezes por semana para elaborar as mat\u00e9rias. Os encontros acontecem atrav\u00e9s da Oficina de Jornalismo, realizada na Associa\u00e7\u00e3o de Moradores Rubem Berta &#8211; AMORB.<\/p>\n\n\n\n<p>A id\u00e9ia surgiu depois de uma consulta aos jornais tradicionais, sobre os acontecimentos na COHAB , os ve\u00edculos abordam com exclusividade a viol\u00eancia da comunidade. Outros projetos, coisas boas e necessidades n\u00e3o s\u00e3o abordadas por essas m\u00eddias. &nbsp;Nosso objetivo \u00e9 mostrar que existem coisas al\u00e9m do tr\u00e1fico, da viol\u00eancia e da pobreza.<\/p>\n\n\n\n<p>A finalidade do Fala COHAB \u00e9 informar os moradores, conectar pessoas com as mesmas necessidades e colaborar com a melhoria da regi\u00e3o.<\/p>\n\n\n\n<figure class=\"wp-block-gallery has-nested-images columns-default is-cropped wp-block-gallery-1 is-layout-flex wp-block-gallery-is-layout-flex\">\n<figure class=\"wp-block-image size-large\"><img loading=\"lazy\" decoding=\"async\" width=\"1024\" height=\"581\" data-id=\"40\" src=\"https:\/\/falacohab.com.br\/wp-content\/uploads\/2023\/06\/integrantes-1024x581.jpg\" alt=\"\" class=\"wp-image-40\" srcset=\"https:\/\/falacohab.com.br\/wp-content\/uploads\/2023\/06\/integrantes-1024x581.jpg 1024w, https:\/\/falacohab.com.br\/wp-content\/uploads\/2023\/06\/integrantes-300x170.jpg 300w, https:\/\/falacohab.com.br\/wp-content\/uploads\/2023\/06\/integrantes-768x436.jpg 768w, https:\/\/falacohab.com.br\/wp-content\/uploads\/2023\/06\/integrantes.jpg 1242w\" sizes=\"(max-width: 1024px) 100vw, 1024px\" \/><\/figure>\n<\/figure>\n\n\n","protected":false},"excerpt":{"rendered":"<p>Fala Cohab &#8211; O jornal da comunidade Informar, Conectar, Colaborar \u00c9 um jornal comunit\u00e1rio independente, criado em novembro de 2022, no bairro Rubem Berta, na cidade de Porto Alegre, por volunt\u00e1rios, que se reunem duas vezes por semana para elaborar as mat\u00e9rias. Os encontros acontecem atrav\u00e9s da Oficina de Jornalismo, realizada na Associa\u00e7\u00e3o de Moradores [&hellip;]<\/p>\n","protected":false},"author":1,"featured_media":0,"parent":0,"menu_order":0,"comment_status":"closed","ping_status":"open","template":"","meta":{"footnotes":"","beyondwords_generate_audio":"","beyondwords_project_id":"","beyondwords_content_id":"","beyondwords_preview_token":"","beyondwords_player_content":"","beyondwords_player_style":"","beyondwords_language_code":"","beyondwords_language_id":"","beyondwords_title_voice_id":"","beyondwords_body_voice_id":"","beyondwords_summary_voice_id":"","beyondwords_error_message":"","beyondwords_disabled":"","beyondwords_delete_content":"","beyondwords_podcast_id":"","beyondwords_hash":"","publish_post_to_speechkit":"","speechkit_hash":"","speechkit_generate_audio":"","speechkit_project_id":"","speechkit_podcast_id":"","speechkit_error_message":"","speechkit_disabled":"","speechkit_access_key":"","speechkit_error":"","speechkit_info":"","speechkit_response":"","speechkit_retries":"","speechkit_status":"","speechkit_updated_at":"","_speechkit_link":"","_speechkit_text":""},"class_list":["post-2","page","type-page","status-publish","hentry"],"_links":{"self":[{"href":"https:\/\/falacohab.com.br\/index.php?rest_route=\/wp\/v2\/pages\/2"}],"collection":[{"href":"https:\/\/falacohab.com.br\/index.php?rest_route=\/wp\/v2\/pages"}],"about":[{"href":"https:\/\/falacohab.com.br\/index.php?rest_route=\/wp\/v2\/types\/page"}],"author":[{"embeddable":true,"href":"https:\/\/falacohab.com.br\/index.php?rest_route=\/wp\/v2\/users\/1"}],"replies":[{"embeddable":true,"href":"https:\/\/falacohab.com.br\/index.php?rest_route=%2Fwp%2Fv2%2Fcomments&post=2"}],"version-history":[{"count":4,"href":"https:\/\/falacohab.com.br\/index.php?rest_route=\/wp\/v2\/pages\/2\/revisions"}],"predecessor-version":[{"id":44,"href":"https:\/\/falacohab.com.br\/index.php?rest_route=\/wp\/v2\/pages\/2\/revisions\/44"}],"wp:attachment":[{"href":"https:\/\/falacohab.com.br\/index.php?rest_route=%2Fwp%2Fv2%2Fmedia&parent=2"}],"curies":[{"name":"wp","href":"https:\/\/api.w.org\/{rel}","templated":true}]}}